{"id":1152,"date":"2018-09-25T15:18:00","date_gmt":"2018-09-25T15:18:00","guid":{"rendered":"https:\/\/cheapfilms.cat\/noticies\/"},"modified":"2019-10-15T09:04:04","modified_gmt":"2019-10-15T09:04:04","slug":"noticies","status":"publish","type":"page","link":"https:\/\/www.cheapfilms.cat\/es\/noticies\/","title":{"rendered":"Noticias"},"content":{"rendered":"<div class=\"wpb-content-wrapper\">[vc_row gap=\u00bb15&#8243; equal_height=\u00bbyes\u00bb][vc_column width=\u00bb1\/2&#8243;][vc_raw_html]JTNDZGl2JTIwaWQlM0QlMjJlbWJlZC1hbGFjYXJ0YS04OTMxNyUyMiUzRSUzQyUyRmRpdiUzRSUwQSUzQ3NjcmlwdCUyMHNyYyUzRCUyMiUyRiUyRnd3dy5hbGFjYXJ0YS5jYXQlMkZqcyUyRmVtYmVkLmpzJTIyJTIwZGF0YS1jb250YWluZXIlM0QlMjJlbWJlZC1hbGFjYXJ0YS04OTMxNyUyMiUyMGRhdGEtc3JjJTNEJTIyNWJhOGYzOTExZGVhYjExYjU4MmVmMTc1JTJGNWJhOTBhNjkxZGVhYjExYjU4MmVmMTg4JTIyJTNFJTNDJTJGc2NyaXB0JTNF[\/vc_raw_html][vc_column_text]\n<h3><a href=\"http:\/\/canalblau.alacarta.cat\/garraf-noticies\/capitol\/la-nova-temporada-darts-esceniques-de-vilanova-presentada-a-la-sala\" rel=\"nofollow\">Canal Blau<\/a><\/h3>\n<p class=\"primary-color\">La nova temporada d&#8217;arts esc\u00e8niques de Vilanova, presentada a La Sala.<\/p>\n[\/vc_column_text][\/vc_column][vc_column width=\u00bb1\/2&#8243;][vc_single_image image=\u00bb929&#8243; img_size=\u00bbfull\u00bb alignment=\u00bbcenter\u00bb onclick=\u00bbcustom_link\u00bb link=\u00bbhttps:\/\/www.elperiodico.com\/es\/noticias\/onbarcelona\/a-la-ultima\/cheap-films-peliculas-expres-low-cost-barcelona-6859338&#8243; css=\u00bb.vc_custom_1537893096409{margin-bottom: 45px !important;}\u00bb][vc_column_text]\n<h3><a href=\"https:\/\/www.elperiodico.com\/es\/noticias\/onbarcelona\/a-la-ultima\/cheap-films-peliculas-expres-low-cost-barcelona-6859338\" rel=\"nofollow\">elperiodico.com<\/a><\/h3>\n<p class=\"primary-color\">Protagoniza una peli expr\u00e9s<\/p>\n[\/vc_column_text][\/vc_column][\/vc_row][vc_row][vc_column width=\u00bb1\/3&#8243;][vc_video link=\u00bbhttps:\/\/www.youtube.com\/watch?v=DFQDSvniETk&amp;t=116s\u00bb][\/vc_column][vc_column width=\u00bb1\/3&#8243;][vc_video link=\u00bbhttps:\/\/www.youtube.com\/watch?v=sDP1j4aOlSs&amp;t=4s\u00bb][\/vc_column][vc_column width=\u00bb1\/3&#8243;][vc_video link=\u00bbhttps:\/\/www.youtube.com\/watch?v=VQcZJglS3S4&#8243;][\/vc_column][\/vc_row][vc_row][vc_column width=\u00bb1\/2&#8243;][vc_single_image image=\u00bb785&#8243; img_size=\u00bbfull\u00bb alignment=\u00bbcenter\u00bb onclick=\u00bbcustom_link\u00bb link=\u00bbhttp:\/\/terrassadigital.cat\/la-fira-modernista-sacomiada-anunciant-que-dedicara-la-propera-edicio-al-cinema\/\u00bb][\/vc_column][vc_column width=\u00bb1\/2&#8243;][vc_single_image image=\u00bb786&#8243; img_size=\u00bbfull\u00bb alignment=\u00bbcenter\u00bb onclick=\u00bbcustom_link\u00bb link=\u00bbhttps:\/\/elmon.cat\/monterrassa\/galeria\/7440\/1\/cloenda-de-la-fira-modernista-de-terrassa\u00bb][\/vc_column][\/vc_row][vc_row el_id=\u00bbidentificador\u00bb][vc_column width=\u00bb1\/3&#8243;][vc_video link=\u00bbhttps:\/\/youtu.be\/trXluxcpeCY?t=2m15s\u00bb][\/vc_column][vc_column width=\u00bb1\/3&#8243;][vc_video link=\u00bbhttps:\/\/www.youtube.com\/watch?v=pFvly73sR4k\u00bb][\/vc_column][vc_column width=\u00bb1\/3&#8243;][vc_video link=\u00bbhttps:\/\/youtu.be\/2dYq4Ataiew?t=12m32s\u00bb][\/vc_column][\/vc_row]\n<\/div>","protected":false},"excerpt":{"rendered":"<p>[vc_row gap=\u00bb15&#8243; equal_height=\u00bbyes\u00bb][vc_column width=\u00bb1\/2&#8243;][vc_raw_html]JTNDZGl2JTIwaWQlM0QlMjJlbWJlZC1hbGFjYXJ0YS04OTMxNyUyMiUzRSUzQyUyRmRpdiUzRSUwQSUzQ3NjcmlwdCUyMHNyYyUzRCUyMiUyRiUyRnd3dy5hbGFjYXJ0YS5jYXQlMkZqcyUyRmVtYmVkLmpzJTIyJTIwZGF0YS1jb250YWluZXIlM0QlMjJlbWJlZC1hbGFjYXJ0YS04OTMxNyUyMiUyMGRhdGEtc3JjJTNEJTIyNWJhOGYzOTExZGVhYjExYjU4MmVmMTc1JTJGNWJhOTBhNjkxZGVhYjExYjU4MmVmMTg4JTIyJTNFJTNDJTJGc2NyaXB0JTNF[\/vc_raw_html][vc_column_text] Canal Blau La nova temporada d&#8217;arts esc\u00e8niques de Vilanova, presentada a La Sala. [\/vc_column_text][\/vc_column][vc_column width=\u00bb1\/2&#8243;][vc_single_image image=\u00bb929&#8243; img_size=\u00bbfull\u00bb alignment=\u00bbcenter\u00bb onclick=\u00bbcustom_link\u00bb link=\u00bbhttps:\/\/www.elperiodico.com\/es\/noticias\/onbarcelona\/a-la-ultima\/cheap-films-peliculas-expres-low-cost-barcelona-6859338&#8243; css=\u00bb.vc_custom_1537893096409{margin-bottom: 45px !important;}\u00bb][vc_column_text] elperiodico.com Protagoniza una peli expr\u00e9s [\/vc_column_text][\/vc_column][\/vc_row][vc_row][vc_column width=\u00bb1\/3&#8243;][vc_video link=\u00bbhttps:\/\/www.youtube.com\/watch?v=DFQDSvniETk&amp;t=116s\u00bb][\/vc_column][vc_column width=\u00bb1\/3&#8243;][vc_video link=\u00bbhttps:\/\/www.youtube.com\/watch?v=sDP1j4aOlSs&amp;t=4s\u00bb][\/vc_column][vc_column width=\u00bb1\/3&#8243;][vc_video link=\u00bbhttps:\/\/www.youtube.com\/watch?v=VQcZJglS3S4&#8243;][\/vc_column][\/vc_row][vc_row][vc_column width=\u00bb1\/2&#8243;][vc_single_image image=\u00bb785&#8243; img_size=\u00bbfull\u00bb alignment=\u00bbcenter\u00bb onclick=\u00bbcustom_link\u00bb link=\u00bbhttp:\/\/terrassadigital.cat\/la-fira-modernista-sacomiada-anunciant-que-dedicara-la-propera-edicio-al-cinema\/\u00bb][\/vc_column][vc_column width=\u00bb1\/2&#8243;][vc_single_image image=\u00bb786&#8243; img_size=\u00bbfull\u00bb alignment=\u00bbcenter\u00bb onclick=\u00bbcustom_link\u00bb link=\u00bbhttps:\/\/elmon.cat\/monterrassa\/galeria\/7440\/1\/cloenda-de-la-fira-modernista-de-terrassa\u00bb][\/vc_column][\/vc_row][vc_row el_id=\u00bbidentificador\u00bb][vc_column width=\u00bb1\/3&#8243;][vc_video link=\u00bbhttps:\/\/youtu.be\/trXluxcpeCY?t=2m15s\u00bb][\/vc_column][vc_column width=\u00bb1\/3&#8243;][vc_video link=\u00bbhttps:\/\/www.youtube.com\/watch?v=pFvly73sR4k\u00bb][\/vc_column][vc_column width=\u00bb1\/3&#8243;][vc_video link=\u00bbhttps:\/\/youtu.be\/2dYq4Ataiew?t=12m32s\u00bb][\/vc_column][\/vc_row]<\/p>\n","protected":false},"author":1,"featured_media":0,"parent":0,"menu_order":0,"comment_status":"closed","ping_status":"closed","template":"","meta":{"inline_featured_image":false,"footnotes":""},"class_list":["post-1152","page","type-page","status-publish","hentry"],"yoast_head":"<!-- This site is optimized with the Yoast SEO plugin v27.5 - https:\/\/yoast.com\/product\/yoast-seo-wordpress\/ -->\n<title>Noticias - Cheapfilms<\/title>\n<meta name=\"description\" content=\"En la secci\u00f3n de noticias de CheapFilms puedes encontrar las informaciones m\u00e1s recientes y relevantes del mundo cinematogr\u00e1fico.\" \/>\n<meta name=\"robots\" content=\"index, follow, max-snippet:-1, max-image-preview:large, max-video-preview:-1\" \/>\n<link rel=\"canonical\" href=\"https:\/\/www.cheapfilms.cat\/es\/noticies\/\" \/>\n<meta property=\"og:locale\" content=\"es_ES\" \/>\n<meta property=\"og:type\" content=\"article\" \/>\n<meta property=\"og:title\" content=\"Noticias - Cheapfilms\" \/>\n<meta property=\"og:description\" content=\"En la secci\u00f3n de noticias de CheapFilms puedes encontrar las informaciones m\u00e1s recientes y relevantes del mundo cinematogr\u00e1fico.\" \/>\n<meta property=\"og:url\" content=\"https:\/\/www.cheapfilms.cat\/es\/noticies\/\" \/>\n<meta property=\"og:site_name\" content=\"Cheapfilms\" \/>\n<meta property=\"article:modified_time\" content=\"2019-10-15T09:04:04+00:00\" \/>\n<meta name=\"twitter:card\" content=\"summary_large_image\" \/>\n<meta name=\"twitter:label1\" content=\"Tiempo de lectura\" \/>\n\t<meta name=\"twitter:data1\" content=\"1 minuto\" \/>\n<script type=\"application\/ld+json\" class=\"yoast-schema-graph\">{\"@context\":\"https:\\\/\\\/schema.org\",\"@graph\":[{\"@type\":\"WebPage\",\"@id\":\"https:\\\/\\\/www.cheapfilms.cat\\\/es\\\/noticies\\\/\",\"url\":\"https:\\\/\\\/www.cheapfilms.cat\\\/es\\\/noticies\\\/\",\"name\":\"Noticias - Cheapfilms\",\"isPartOf\":{\"@id\":\"https:\\\/\\\/www.cheapfilms.cat\\\/#website\"},\"datePublished\":\"2018-09-25T15:18:00+00:00\",\"dateModified\":\"2019-10-15T09:04:04+00:00\",\"description\":\"En la secci\u00f3n de noticias de CheapFilms puedes encontrar las informaciones m\u00e1s recientes y relevantes del mundo cinematogr\u00e1fico.\",\"breadcrumb\":{\"@id\":\"https:\\\/\\\/www.cheapfilms.cat\\\/es\\\/noticies\\\/#breadcrumb\"},\"inLanguage\":\"es\",\"potentialAction\":[{\"@type\":\"ReadAction\",\"target\":[\"https:\\\/\\\/www.cheapfilms.cat\\\/es\\\/noticies\\\/\"]}]},{\"@type\":\"BreadcrumbList\",\"@id\":\"https:\\\/\\\/www.cheapfilms.cat\\\/es\\\/noticies\\\/#breadcrumb\",\"itemListElement\":[{\"@type\":\"ListItem\",\"position\":1,\"name\":\"Inici\",\"item\":\"https:\\\/\\\/www.cheapfilms.cat\\\/es\\\/home\\\/\"},{\"@type\":\"ListItem\",\"position\":2,\"name\":\"Noticias\"}]},{\"@type\":\"WebSite\",\"@id\":\"https:\\\/\\\/www.cheapfilms.cat\\\/#website\",\"url\":\"https:\\\/\\\/www.cheapfilms.cat\\\/\",\"name\":\"Cheapfilms\",\"description\":\"Tu ets el protagonista!\",\"potentialAction\":[{\"@type\":\"SearchAction\",\"target\":{\"@type\":\"EntryPoint\",\"urlTemplate\":\"https:\\\/\\\/www.cheapfilms.cat\\\/?s={search_term_string}\"},\"query-input\":{\"@type\":\"PropertyValueSpecification\",\"valueRequired\":true,\"valueName\":\"search_term_string\"}}],\"inLanguage\":\"es\"}]}<\/script>\n<!-- \/ Yoast SEO plugin. -->","yoast_head_json":{"title":"Noticias - Cheapfilms","description":"En la secci\u00f3n de noticias de CheapFilms puedes encontrar las informaciones m\u00e1s recientes y relevantes del mundo cinematogr\u00e1fico.","robots":{"index":"index","follow":"follow","max-snippet":"max-snippet:-1","max-image-preview":"max-image-preview:large","max-video-preview":"max-video-preview:-1"},"canonical":"https:\/\/www.cheapfilms.cat\/es\/noticies\/","og_locale":"es_ES","og_type":"article","og_title":"Noticias - Cheapfilms","og_description":"En la secci\u00f3n de noticias de CheapFilms puedes encontrar las informaciones m\u00e1s recientes y relevantes del mundo cinematogr\u00e1fico.","og_url":"https:\/\/www.cheapfilms.cat\/es\/noticies\/","og_site_name":"Cheapfilms","article_modified_time":"2019-10-15T09:04:04+00:00","twitter_card":"summary_large_image","twitter_misc":{"Tiempo de lectura":"1 minuto"},"schema":{"@context":"https:\/\/schema.org","@graph":[{"@type":"WebPage","@id":"https:\/\/www.cheapfilms.cat\/es\/noticies\/","url":"https:\/\/www.cheapfilms.cat\/es\/noticies\/","name":"Noticias - Cheapfilms","isPartOf":{"@id":"https:\/\/www.cheapfilms.cat\/#website"},"datePublished":"2018-09-25T15:18:00+00:00","dateModified":"2019-10-15T09:04:04+00:00","description":"En la secci\u00f3n de noticias de CheapFilms puedes encontrar las informaciones m\u00e1s recientes y relevantes del mundo cinematogr\u00e1fico.","breadcrumb":{"@id":"https:\/\/www.cheapfilms.cat\/es\/noticies\/#breadcrumb"},"inLanguage":"es","potentialAction":[{"@type":"ReadAction","target":["https:\/\/www.cheapfilms.cat\/es\/noticies\/"]}]},{"@type":"BreadcrumbList","@id":"https:\/\/www.cheapfilms.cat\/es\/noticies\/#breadcrumb","itemListElement":[{"@type":"ListItem","position":1,"name":"Inici","item":"https:\/\/www.cheapfilms.cat\/es\/home\/"},{"@type":"ListItem","position":2,"name":"Noticias"}]},{"@type":"WebSite","@id":"https:\/\/www.cheapfilms.cat\/#website","url":"https:\/\/www.cheapfilms.cat\/","name":"Cheapfilms","description":"Tu ets el protagonista!","potentialAction":[{"@type":"SearchAction","target":{"@type":"EntryPoint","urlTemplate":"https:\/\/www.cheapfilms.cat\/?s={search_term_string}"},"query-input":{"@type":"PropertyValueSpecification","valueRequired":true,"valueName":"search_term_string"}}],"inLanguage":"es"}]}},"_links":{"self":[{"href":"https:\/\/www.cheapfilms.cat\/es\/wp-json\/wp\/v2\/pages\/1152","targetHints":{"allow":["GET"]}}],"collection":[{"href":"https:\/\/www.cheapfilms.cat\/es\/wp-json\/wp\/v2\/pages"}],"about":[{"href":"https:\/\/www.cheapfilms.cat\/es\/wp-json\/wp\/v2\/types\/page"}],"author":[{"embeddable":true,"href":"https:\/\/www.cheapfilms.cat\/es\/wp-json\/wp\/v2\/users\/1"}],"replies":[{"embeddable":true,"href":"https:\/\/www.cheapfilms.cat\/es\/wp-json\/wp\/v2\/comments?post=1152"}],"version-history":[{"count":5,"href":"https:\/\/www.cheapfilms.cat\/es\/wp-json\/wp\/v2\/pages\/1152\/revisions"}],"predecessor-version":[{"id":2296,"href":"https:\/\/www.cheapfilms.cat\/es\/wp-json\/wp\/v2\/pages\/1152\/revisions\/2296"}],"wp:attachment":[{"href":"https:\/\/www.cheapfilms.cat\/es\/wp-json\/wp\/v2\/media?parent=1152"}],"curies":[{"name":"wp","href":"https:\/\/api.w.org\/{rel}","templated":true}]}}