{"id":1111,"date":"2018-08-13T17:33:29","date_gmt":"2018-08-13T17:33:29","guid":{"rendered":"https:\/\/cheapfilms.cat\/joc-en-viu\/"},"modified":"2019-10-15T10:16:59","modified_gmt":"2019-10-15T10:16:59","slug":"juegos-en-vivo","status":"publish","type":"page","link":"https:\/\/www.cheapfilms.cat\/es\/juegos-en-vivo\/","title":{"rendered":"Juego en Vivo"},"content":{"rendered":"<div class=\"wpb-content-wrapper\">[vc_row gap=\u00bb30&#8243;][vc_column width=\u00bb1\/3&#8243;][vc_single_image image=\u00bb705&#8243; img_size=\u00bbfull\u00bb][\/vc_column][vc_column width=\u00bb2\/3&#8243;][vc_empty_space height=\u00bb30&#8243;][vc_column_text]\n<h3 class=\"title\">Vive la aventura en primera persona<\/h3>\n[\/vc_column_text][vc_empty_space height=\u00bb20&#8243;][vc_column_text]Re\u00fane tu gente y convert\u00edos en los protagonistas de una historia en la que interpretar\u00e9is los diferentes personajes que la protagonizan. El personal de Cheap Films os facilitar\u00e1 todo el que necesit\u00e1is y conducir\u00e1 la historia desde dentro. Deja a un lado tu d\u00eda a d\u00eda y ad\u00e9ntrate en un juego vivo en el que se pondr\u00e1n a prueba el ingenio, las dotes interpretativas y las capacidades como equipo para resolver el enigma general.[\/vc_column_text][vc_empty_space height=\u00bb30&#8243;][vc_single_image image=\u00bb230&#8243; img_size=\u00bbfull\u00bb alignment=\u00bbcenter\u00bb el_class=\u00bbseparator-cheap\u00bb][vc_empty_space height=\u00bb30&#8243;][vc_column_text]\n<h3 style=\"text-align: center;\">Diferentes argumentos, diferentes tramas y varios niveles de inmersi\u00f3n<\/h3>\n<h3 style=\"text-align: center;\">T\u00fa decides la propuesta que mejor se adapte a tu acontecimiento<\/h3>\n[\/vc_column_text][\/vc_column][\/vc_row][vc_row css=\u00bb.vc_custom_1534154135911{padding-top: 0px !important;}\u00bb el_id=\u00bbdisplay-pelis\u00bb][vc_column css=\u00bb.vc_custom_1534006447323{padding-top: 0px !important;}\u00bb][vc_row_inner][vc_column_inner width=\u00bb1\/4&#8243;][\/vc_column_inner][vc_column_inner width=\u00bb1\/4&#8243;][vc_column_text]\n<h3 style=\"text-align: center;\">Deductio<\/h3>\n[\/vc_column_text][vc_single_image image=\u00bb593&#8243; img_size=\u00bbfull\u00bb alignment=\u00bbcenter\u00bb onclick=\u00bbcustom_link\u00bb link=\u00bbhttps:\/\/www.cheapfilms.es\/es\/deductio\/\u00bb][vc_btn title=\u00bbVER M\u00c1S\u00bb align=\u00bbcenter\u00bb link=\u00bburl:https%3A%2F%2Fcheapfilms.es%2Fes%2Fdeductio%2F|||\u00bb][\/vc_column_inner][vc_column_inner width=\u00bb1\/4&#8243;][vc_column_text]\n<h3 style=\"text-align: center;\">El Funeral<\/h3>\n[\/vc_column_text][vc_single_image image=\u00bb595&#8243; img_size=\u00bbfull\u00bb alignment=\u00bbcenter\u00bb onclick=\u00bbcustom_link\u00bb link=\u00bbhttps:\/\/www.cheapfilms.es\/es\/el-funeral\/\u00bb][vc_btn title=\u00bbVER M\u00c1S\u00bb align=\u00bbcenter\u00bb link=\u00bburl:https%3A%2F%2Fcheapfilms.es%2Fes%2Fel-funeral%2F|||\u00bb][\/vc_column_inner][vc_column_inner width=\u00bb1\/4&#8243;][\/vc_column_inner][\/vc_row_inner][vc_single_image image=\u00bb230&#8243; img_size=\u00bbfull\u00bb alignment=\u00bbcenter\u00bb el_class=\u00bbseparator-cheap\u00bb]\n<div class=\"wpcf7 no-js\" id=\"wpcf7-f275-o1\" lang=\"es-ES\" dir=\"ltr\" data-wpcf7-id=\"275\">\n<div class=\"screen-reader-response\"><p role=\"status\" aria-live=\"polite\" aria-atomic=\"true\"><\/p> <ul><\/ul><\/div>\n<form action=\"\/es\/wp-json\/wp\/v2\/pages\/1111#wpcf7-f275-o1\" method=\"post\" class=\"wpcf7-form init\" aria-label=\"Formulario de contacto\" novalidate=\"novalidate\" data-status=\"init\">\n<fieldset class=\"hidden-fields-container\"><input type=\"hidden\" name=\"_wpcf7\" value=\"275\" \/><input type=\"hidden\" name=\"_wpcf7_version\" value=\"6.1.5\" \/><input type=\"hidden\" name=\"_wpcf7_locale\" value=\"es_ES\" \/><input type=\"hidden\" name=\"_wpcf7_unit_tag\" value=\"wpcf7-f275-o1\" \/><input type=\"hidden\" name=\"_wpcf7_container_post\" value=\"0\" \/><input type=\"hidden\" name=\"_wpcf7_posted_data_hash\" value=\"\" \/><input type=\"hidden\" name=\"_wpcf7_recaptcha_response\" value=\"\" \/>\n<\/fieldset>\n<p><label> Nom<br \/>\n<span class=\"wpcf7-form-control-wrap\" data-name=\"your-name\"><input size=\"40\" maxlength=\"400\" class=\"wpcf7-form-control wpcf7-text wpcf7-validates-as-required\" aria-required=\"true\" aria-invalid=\"false\" value=\"\" type=\"text\" name=\"your-name\" \/><\/span> <\/label>\n<\/p>\n<p><label> Correu electr\u00f2nic<br \/>\n<span class=\"wpcf7-form-control-wrap\" data-name=\"your-email\"><input size=\"40\" maxlength=\"400\" class=\"wpcf7-form-control wpcf7-email wpcf7-validates-as-required wpcf7-text wpcf7-validates-as-email\" aria-required=\"true\" aria-invalid=\"false\" value=\"\" type=\"email\" name=\"your-email\" \/><\/span> <\/label>\n<\/p>\n<p><label> Tel\u00e8fon<br \/>\n<span class=\"wpcf7-form-control-wrap\" data-name=\"tel-737\"><input size=\"40\" maxlength=\"400\" class=\"wpcf7-form-control wpcf7-tel wpcf7-text wpcf7-validates-as-tel\" aria-invalid=\"false\" value=\"\" type=\"tel\" name=\"tel-737\" \/><\/span><\/label>\n<\/p>\n<p><label> Assumpte<br \/>\n<span class=\"wpcf7-form-control-wrap\" data-name=\"your-subject\"><input size=\"40\" maxlength=\"400\" class=\"wpcf7-form-control wpcf7-text\" aria-invalid=\"false\" value=\"\" type=\"text\" name=\"your-subject\" \/><\/span> <\/label>\n<\/p>\n<p><label> Missatge<br \/>\n<span class=\"wpcf7-form-control-wrap\" data-name=\"your-message\"><textarea cols=\"40\" rows=\"10\" maxlength=\"2000\" class=\"wpcf7-form-control wpcf7-textarea\" aria-invalid=\"false\" name=\"your-message\"><\/textarea><\/span> <\/label><br \/>\n<span class=\"wpcf7-form-control-wrap\" data-name=\"acceptance-909\"><span class=\"wpcf7-form-control wpcf7-acceptance\"><span class=\"wpcf7-list-item\"><label><input type=\"checkbox\" name=\"acceptance-909\" value=\"1\" aria-invalid=\"false\" \/><span class=\"wpcf7-list-item-label\">He llegit i entenc la <a href=\"http:\/\/cheapfilms.es\/politica-de-privacidad\/\">pol\u00edtica de privacitat<\/a>.<\/span><\/label><\/span><\/span><\/span>\n<\/p>\n<p><input class=\"wpcf7-form-control wpcf7-submit has-spinner\" type=\"submit\" value=\"Enviar\" \/>\n<\/p><div class=\"wpcf7-response-output\" aria-hidden=\"true\"><\/div>\n<\/form>\n<\/div>\n[\/vc_column][\/vc_row]\n<\/div>","protected":false},"excerpt":{"rendered":"<p>[vc_row gap=\u00bb30&#8243;][vc_column width=\u00bb1\/3&#8243;][vc_single_image image=\u00bb705&#8243; img_size=\u00bbfull\u00bb][\/vc_column][vc_column width=\u00bb2\/3&#8243;][vc_empty_space height=\u00bb30&#8243;][vc_column_text] Vive la aventura en primera persona [\/vc_column_text][vc_empty_space height=\u00bb20&#8243;][vc_column_text]Re\u00fane tu gente y convert\u00edos en los protagonistas de una historia en la que interpretar\u00e9is los diferentes personajes que la protagonizan. El personal de Cheap Films os facilitar\u00e1 todo el que necesit\u00e1is y conducir\u00e1 la historia desde dentro. Deja a un lado tu d\u00eda a d\u00eda [&hellip;]<\/p>\n","protected":false},"author":1,"featured_media":0,"parent":0,"menu_order":0,"comment_status":"closed","ping_status":"closed","template":"","meta":{"inline_featured_image":false,"footnotes":""},"class_list":["post-1111","page","type-page","status-publish","hentry"],"yoast_head":"<!-- This site is optimized with the Yoast SEO plugin v27.5 - https:\/\/yoast.com\/product\/yoast-seo-wordpress\/ -->\n<title>Juegos en vivo - Cheapfilms<\/title>\n<meta name=\"description\" content=\"En CheapFilms organizamos juegos en vivo en donde solo tienes que ir junto a tus amigos para vivir la historia interpretando diferentes personajes.\" \/>\n<meta name=\"robots\" content=\"index, follow, max-snippet:-1, max-image-preview:large, max-video-preview:-1\" \/>\n<link rel=\"canonical\" href=\"https:\/\/www.cheapfilms.cat\/es\/juegos-en-vivo\/\" \/>\n<meta property=\"og:locale\" content=\"es_ES\" \/>\n<meta property=\"og:type\" content=\"article\" \/>\n<meta property=\"og:title\" content=\"Juegos en vivo - Cheapfilms\" \/>\n<meta property=\"og:description\" content=\"En CheapFilms organizamos juegos en vivo en donde solo tienes que ir junto a tus amigos para vivir la historia interpretando diferentes personajes.\" \/>\n<meta property=\"og:url\" content=\"https:\/\/www.cheapfilms.cat\/es\/juegos-en-vivo\/\" \/>\n<meta property=\"og:site_name\" content=\"Cheapfilms\" \/>\n<meta property=\"article:modified_time\" content=\"2019-10-15T10:16:59+00:00\" \/>\n<meta name=\"twitter:card\" content=\"summary_large_image\" \/>\n<meta name=\"twitter:label1\" content=\"Tiempo de lectura\" \/>\n\t<meta name=\"twitter:data1\" content=\"2 minutos\" \/>\n<script type=\"application\/ld+json\" class=\"yoast-schema-graph\">{\"@context\":\"https:\\\/\\\/schema.org\",\"@graph\":[{\"@type\":\"WebPage\",\"@id\":\"https:\\\/\\\/www.cheapfilms.cat\\\/es\\\/juegos-en-vivo\\\/\",\"url\":\"https:\\\/\\\/www.cheapfilms.cat\\\/es\\\/juegos-en-vivo\\\/\",\"name\":\"Juegos en vivo - Cheapfilms\",\"isPartOf\":{\"@id\":\"https:\\\/\\\/www.cheapfilms.cat\\\/#website\"},\"datePublished\":\"2018-08-13T17:33:29+00:00\",\"dateModified\":\"2019-10-15T10:16:59+00:00\",\"description\":\"En CheapFilms organizamos juegos en vivo en donde solo tienes que ir junto a tus amigos para vivir la historia interpretando diferentes personajes.\",\"breadcrumb\":{\"@id\":\"https:\\\/\\\/www.cheapfilms.cat\\\/es\\\/juegos-en-vivo\\\/#breadcrumb\"},\"inLanguage\":\"es\",\"potentialAction\":[{\"@type\":\"ReadAction\",\"target\":[\"https:\\\/\\\/www.cheapfilms.cat\\\/es\\\/juegos-en-vivo\\\/\"]}]},{\"@type\":\"BreadcrumbList\",\"@id\":\"https:\\\/\\\/www.cheapfilms.cat\\\/es\\\/juegos-en-vivo\\\/#breadcrumb\",\"itemListElement\":[{\"@type\":\"ListItem\",\"position\":1,\"name\":\"Inici\",\"item\":\"https:\\\/\\\/www.cheapfilms.cat\\\/es\\\/home\\\/\"},{\"@type\":\"ListItem\",\"position\":2,\"name\":\"Juego en Vivo\"}]},{\"@type\":\"WebSite\",\"@id\":\"https:\\\/\\\/www.cheapfilms.cat\\\/#website\",\"url\":\"https:\\\/\\\/www.cheapfilms.cat\\\/\",\"name\":\"Cheapfilms\",\"description\":\"Tu ets el protagonista!\",\"potentialAction\":[{\"@type\":\"SearchAction\",\"target\":{\"@type\":\"EntryPoint\",\"urlTemplate\":\"https:\\\/\\\/www.cheapfilms.cat\\\/?s={search_term_string}\"},\"query-input\":{\"@type\":\"PropertyValueSpecification\",\"valueRequired\":true,\"valueName\":\"search_term_string\"}}],\"inLanguage\":\"es\"}]}<\/script>\n<!-- \/ Yoast SEO plugin. -->","yoast_head_json":{"title":"Juegos en vivo - Cheapfilms","description":"En CheapFilms organizamos juegos en vivo en donde solo tienes que ir junto a tus amigos para vivir la historia interpretando diferentes personajes.","robots":{"index":"index","follow":"follow","max-snippet":"max-snippet:-1","max-image-preview":"max-image-preview:large","max-video-preview":"max-video-preview:-1"},"canonical":"https:\/\/www.cheapfilms.cat\/es\/juegos-en-vivo\/","og_locale":"es_ES","og_type":"article","og_title":"Juegos en vivo - Cheapfilms","og_description":"En CheapFilms organizamos juegos en vivo en donde solo tienes que ir junto a tus amigos para vivir la historia interpretando diferentes personajes.","og_url":"https:\/\/www.cheapfilms.cat\/es\/juegos-en-vivo\/","og_site_name":"Cheapfilms","article_modified_time":"2019-10-15T10:16:59+00:00","twitter_card":"summary_large_image","twitter_misc":{"Tiempo de lectura":"2 minutos"},"schema":{"@context":"https:\/\/schema.org","@graph":[{"@type":"WebPage","@id":"https:\/\/www.cheapfilms.cat\/es\/juegos-en-vivo\/","url":"https:\/\/www.cheapfilms.cat\/es\/juegos-en-vivo\/","name":"Juegos en vivo - Cheapfilms","isPartOf":{"@id":"https:\/\/www.cheapfilms.cat\/#website"},"datePublished":"2018-08-13T17:33:29+00:00","dateModified":"2019-10-15T10:16:59+00:00","description":"En CheapFilms organizamos juegos en vivo en donde solo tienes que ir junto a tus amigos para vivir la historia interpretando diferentes personajes.","breadcrumb":{"@id":"https:\/\/www.cheapfilms.cat\/es\/juegos-en-vivo\/#breadcrumb"},"inLanguage":"es","potentialAction":[{"@type":"ReadAction","target":["https:\/\/www.cheapfilms.cat\/es\/juegos-en-vivo\/"]}]},{"@type":"BreadcrumbList","@id":"https:\/\/www.cheapfilms.cat\/es\/juegos-en-vivo\/#breadcrumb","itemListElement":[{"@type":"ListItem","position":1,"name":"Inici","item":"https:\/\/www.cheapfilms.cat\/es\/home\/"},{"@type":"ListItem","position":2,"name":"Juego en Vivo"}]},{"@type":"WebSite","@id":"https:\/\/www.cheapfilms.cat\/#website","url":"https:\/\/www.cheapfilms.cat\/","name":"Cheapfilms","description":"Tu ets el protagonista!","potentialAction":[{"@type":"SearchAction","target":{"@type":"EntryPoint","urlTemplate":"https:\/\/www.cheapfilms.cat\/?s={search_term_string}"},"query-input":{"@type":"PropertyValueSpecification","valueRequired":true,"valueName":"search_term_string"}}],"inLanguage":"es"}]}},"_links":{"self":[{"href":"https:\/\/www.cheapfilms.cat\/es\/wp-json\/wp\/v2\/pages\/1111","targetHints":{"allow":["GET"]}}],"collection":[{"href":"https:\/\/www.cheapfilms.cat\/es\/wp-json\/wp\/v2\/pages"}],"about":[{"href":"https:\/\/www.cheapfilms.cat\/es\/wp-json\/wp\/v2\/types\/page"}],"author":[{"embeddable":true,"href":"https:\/\/www.cheapfilms.cat\/es\/wp-json\/wp\/v2\/users\/1"}],"replies":[{"embeddable":true,"href":"https:\/\/www.cheapfilms.cat\/es\/wp-json\/wp\/v2\/comments?post=1111"}],"version-history":[{"count":12,"href":"https:\/\/www.cheapfilms.cat\/es\/wp-json\/wp\/v2\/pages\/1111\/revisions"}],"predecessor-version":[{"id":2303,"href":"https:\/\/www.cheapfilms.cat\/es\/wp-json\/wp\/v2\/pages\/1111\/revisions\/2303"}],"wp:attachment":[{"href":"https:\/\/www.cheapfilms.cat\/es\/wp-json\/wp\/v2\/media?parent=1111"}],"curies":[{"name":"wp","href":"https:\/\/api.w.org\/{rel}","templated":true}]}}