{"id":1089,"date":"2017-06-14T18:00:06","date_gmt":"2017-06-14T18:00:06","guid":{"rendered":"https:\/\/cheapfilms.cat\/home\/"},"modified":"2025-01-18T17:49:03","modified_gmt":"2025-01-18T17:49:03","slug":"home","status":"publish","type":"page","link":"https:\/\/www.cheapfilms.cat\/es\/","title":{"rendered":"Home"},"content":{"rendered":"<div class=\"wpb-content-wrapper\">[vc_row][vc_column][vc_video link=\u00bbhttps:\/\/vimeo.com\/1045778934&#8243; align=\u00bbcenter\u00bb css=\u00bb\u00bb][vc_video link=\u00bbhttps:\/\/youtu.be\/X1ki88yPINs\u00bb align=\u00bbcenter\u00bb css=\u00bb\u00bb el_class=\u00bbyoutubebox\u00bb][\/vc_column][\/vc_row][vc_row curly_padding=\u00bbcontent-padding-none\u00bb css=\u00bb.vc_custom_1533916735273{background-position: center !important;background-repeat: no-repeat !important;background-size: cover !important;}\u00bb][vc_column][vc_column_text]\n<h1 class=\"special-title\" style=\"text-align: center;\">Convertim el teu esdeveniment en una experi\u00e8ncia inoblidable mitjan\u00e7ant un rodatge cinematogr\u00e0fic d&#8217;\u00e8poca<\/h1>\n[\/vc_column_text][vc_single_image image=\u00bb1271&#8243; img_size=\u00bbfull\u00bb alignment=\u00bbcenter\u00bb][vc_column_text]\n<h3 style=\"text-align: center;\">AMB EL M\u00c8TODE CHEAP FILMS RODEM I ESTRENEM LA TEVA PEL\u00b7L\u00cdCULA EL MATEIX DIA<\/h3>\n[\/vc_column_text][vc_column_text]\n<h3 style=\"text-align: center;\">ELS ASSISTENTS A L&#8217;ACTE ES CONVERTEIXEN EN ACTRIUS I ACTORS IMPROVISATS&#8230; CHEAP FILMS POSA LA RESTA<\/h3>\n[\/vc_column_text][vc_column_text]\n<h3 style=\"text-align: center;\">ENS ADAPTEM A TOT TIPUS D&#8217;ESDEVENIMENTS<\/h3>\n[\/vc_column_text][vc_column_text]\n<h3 style=\"text-align: center;\">( ATENCI\u00d3: ACTIVITAT AMB ALTES DOSIS DE DIVERSI\u00d3 )<\/h3>\n[\/vc_column_text][vc_single_image image=\u00bb1271&#8243; img_size=\u00bbfull\u00bb alignment=\u00bbcenter\u00bb][vc_column_text]\n<h2 style=\"text-align: center;\">QUIN \u00c9S EL TEU CHEAP FILMS?<\/h2>\n[\/vc_column_text][\/vc_column][\/vc_row][vc_row][vc_column width=\u00bb1\/4&#8243;][vc_single_image image=\u00bb1746&#8243; img_size=\u00bbfull\u00bb style=\u00bbvc_box_border\u00bb onclick=\u00bbcustom_link\u00bb link=\u00bbhttps:\/\/wp.me\/PalxQn-rg\u00bb][\/vc_column][vc_column width=\u00bb1\/4&#8243;][vc_single_image image=\u00bb1752&#8243; img_size=\u00bbfull\u00bb style=\u00bbvc_box_border\u00bb onclick=\u00bbcustom_link\u00bb link=\u00bbhttps:\/\/wp.me\/PalxQn-qO\u00bb][\/vc_column][vc_column width=\u00bb1\/4&#8243;][vc_single_image image=\u00bb1755&#8243; img_size=\u00bbfull\u00bb style=\u00bbvc_box_border\u00bb onclick=\u00bbcustom_link\u00bb link=\u00bbhttps:\/\/wp.me\/PalxQn-ri\u00bb][\/vc_column][vc_column width=\u00bb1\/4&#8243;][vc_single_image image=\u00bb1749&#8243; img_size=\u00bbfull\u00bb style=\u00bbvc_box_border\u00bb onclick=\u00bbcustom_link\u00bb link=\u00bbhttps:\/\/wp.me\/PalxQn-rh\u00bb][\/vc_column][\/vc_row][vc_row][vc_column][vc_single_image image=\u00bb1271&#8243; img_size=\u00bbfull\u00bb alignment=\u00bbcenter\u00bb][vc_column_text]\n<h3 style=\"text-align: center;\">Per\u00f2 no nom\u00e9s som especialistes en pel\u00b7l\u00edcules!<br \/>\nUn m\u00f3n de possibilitats t&#8217;esperen&#8230;<\/h3>\n[\/vc_column_text][\/vc_column][\/vc_row][vc_row el_class=\u00bbactivitats\u00bb][vc_column width=\u00bb1\/4&#8243;][vc_column_text]\n<h3 style=\"text-align: center;\">Pel\u00b7l\u00edcules<\/h3>\n[\/vc_column_text][vc_single_image image=\u00bb596&#8243; img_size=\u00bbfull\u00bb onclick=\u00bbcustom_link\u00bb link=\u00bbhttp:\/\/www.cheapfilms.es\/pelis\/\u00bb][vc_btn title=\u00bbVeure m\u00e9s\u00bb align=\u00bbcenter\u00bb link=\u00bburl:http%3A%2F%2Fcheapfilms.es%2Fpelis%2F|\u00bb][\/vc_column][vc_column width=\u00bb1\/4&#8243;][vc_column_text]\n<h3 style=\"text-align: center;\">Jocs en viu<\/h3>\n[\/vc_column_text][vc_single_image image=\u00bb705&#8243; img_size=\u00bbfull\u00bb onclick=\u00bbcustom_link\u00bb link=\u00bbhttp:\/\/www.cheapfilms.es\/joc-en-viu\/\u00bb][vc_btn title=\u00bbVeure m\u00e9s\u00bb align=\u00bbcenter\u00bb link=\u00bburl:http%3A%2F%2Fcheapfilms.es%2Fjoc-en-viu%2F|\u00bb][\/vc_column][vc_column width=\u00bb1\/4&#8243;][vc_column_text]\n<h3 style=\"text-align: center;\">Photocall<\/h3>\n[\/vc_column_text][vc_single_image image=\u00bb597&#8243; img_size=\u00bbfull\u00bb onclick=\u00bbcustom_link\u00bb link=\u00bbhttp:\/\/www.cheapfilms.es\/photocall\/\u00bb][vc_btn title=\u00bbVeure m\u00e9s\u00bb align=\u00bbcenter\u00bb link=\u00bburl:http%3A%2F%2Fcheapfilms.es%2Fphotocall%2F|\u00bb][\/vc_column][vc_column width=\u00bb1\/4&#8243;][vc_column_text]\n<h3 style=\"text-align: center;\">Esdeveniments<\/h3>\n[\/vc_column_text][vc_single_image image=\u00bb598&#8243; img_size=\u00bbfull\u00bb onclick=\u00bbcustom_link\u00bb link=\u00bbhttp:\/\/www.cheapfilms.es\/esdeveniment\/\u00bb][vc_btn title=\u00bbVeure m\u00e9s\u00bb align=\u00bbcenter\u00bb link=\u00bburl:http%3A%2F%2Fcheapfilms.es%2Fesdeveniment%2F|\u00bb][\/vc_column][\/vc_row][vc_row curly_padding=\u00bbcontent-padding-none\u00bb css=\u00bb.vc_custom_1533916735273{background-position: center !important;background-repeat: no-repeat !important;background-size: cover !important;}\u00bb][vc_column][vc_single_image image=\u00bb258&#8243; img_size=\u00bbfull\u00bb][\/vc_column][\/vc_row][vc_row full_width=\u00bbstretch_row\u00bb gap=\u00bb35&#8243; content_placement=\u00bbmiddle\u00bb curly_padding=\u00bbcontent-padding-none\u00bb css=\u00bb.vc_custom_1496246250057{background-color: #1a1919 !important;}\u00bb][vc_column offset=\u00bbvc_col-xs-6&#8243;][vc_column_text]\n<h4>Han confiat en nosaltres:<\/h4>\n[\/vc_column_text][vc_row_inner][vc_column_inner width=\u00bb1\/4&#8243;][vc_single_image image=\u00bb540&#8243; img_size=\u00bbfull\u00bb alignment=\u00bbcenter\u00bb css=\u00bb\u00bb curly_max_width=\u00bb80%\u00bb el_class=\u00bbheight114&#8243;][\/vc_column_inner][vc_column_inner width=\u00bb1\/4&#8243;][vc_single_image image=\u00bb537&#8243; img_size=\u00bbfull\u00bb alignment=\u00bbcenter\u00bb css=\u00bb\u00bb curly_max_width=\u00bb80%\u00bb el_class=\u00bbheight114&#8243;][\/vc_column_inner][vc_column_inner width=\u00bb1\/4&#8243;][vc_single_image image=\u00bb538&#8243; img_size=\u00bbfull\u00bb alignment=\u00bbcenter\u00bb css=\u00bb\u00bb curly_max_width=\u00bb80%\u00bb el_class=\u00bbheight114&#8243;][\/vc_column_inner][vc_column_inner width=\u00bb1\/4&#8243;][vc_single_image image=\u00bb543&#8243; img_size=\u00bbfull\u00bb alignment=\u00bbcenter\u00bb css=\u00bb\u00bb curly_max_width=\u00bb80%\u00bb el_class=\u00bbheight114&#8243;][\/vc_column_inner][\/vc_row_inner][vc_row_inner][vc_column_inner width=\u00bb1\/3&#8243;][vc_single_image image=\u00bb545&#8243; img_size=\u00bbfull\u00bb alignment=\u00bbright\u00bb css=\u00bb\u00bb curly_max_width=\u00bb80%\u00bb el_class=\u00bbheight114&#8243;][\/vc_column_inner][vc_column_inner width=\u00bb1\/3&#8243;][vc_single_image image=\u00bb546&#8243; img_size=\u00bbfull\u00bb alignment=\u00bbcenter\u00bb css=\u00bb\u00bb curly_max_width=\u00bb80%\u00bb el_class=\u00bbheight114&#8243;][\/vc_column_inner][vc_column_inner width=\u00bb1\/3&#8243;][vc_single_image image=\u00bb5736&#8243; img_size=\u00bbfull\u00bb css=\u00bb\u00bb curly_max_width=\u00bb80%\u00bb el_class=\u00bbheight114&#8243;][\/vc_column_inner][\/vc_row_inner][\/vc_column][\/vc_row]\n<\/div>","protected":false},"excerpt":{"rendered":"<p>[vc_row][vc_column][vc_video link=\u00bbhttps:\/\/vimeo.com\/1045778934&#8243; align=\u00bbcenter\u00bb css=\u00bb\u00bb][vc_video link=\u00bbhttps:\/\/youtu.be\/X1ki88yPINs\u00bb align=\u00bbcenter\u00bb css=\u00bb\u00bb el_class=\u00bbyoutubebox\u00bb][\/vc_column][\/vc_row][vc_row curly_padding=\u00bbcontent-padding-none\u00bb css=\u00bb.vc_custom_1533916735273{background-position: center !important;background-repeat: no-repeat !important;background-size: cover !important;}\u00bb][vc_column][vc_column_text] Convertim el teu esdeveniment en una experi\u00e8ncia inoblidable mitjan\u00e7ant un rodatge cinematogr\u00e0fic d&#8217;\u00e8poca [\/vc_column_text][vc_single_image image=\u00bb1271&#8243; img_size=\u00bbfull\u00bb alignment=\u00bbcenter\u00bb][vc_column_text] AMB EL M\u00c8TODE CHEAP FILMS RODEM I ESTRENEM LA TEVA PEL\u00b7L\u00cdCULA EL MATEIX DIA [\/vc_column_text][vc_column_text] ELS ASSISTENTS A L&#8217;ACTE ES CONVERTEIXEN EN ACTRIUS I ACTORS IMPROVISATS&#8230; CHEAP [&hellip;]<\/p>\n","protected":false},"author":2,"featured_media":0,"parent":0,"menu_order":0,"comment_status":"closed","ping_status":"closed","template":"","meta":{"inline_featured_image":false,"footnotes":""},"class_list":["post-1089","page","type-page","status-publish","hentry"],"yoast_head":"<!-- This site is optimized with the Yoast SEO plugin v27.5 - https:\/\/yoast.com\/product\/yoast-seo-wordpress\/ -->\n<title>Home - Cheapfilms<\/title>\n<meta name=\"description\" content=\"Todos nuestros servicios est\u00e1n pensados para que seas el centro de la acci\u00f3n. Una pel\u00edcula donde su grupo es el protagonista.\" \/>\n<meta name=\"robots\" content=\"index, follow, max-snippet:-1, max-image-preview:large, max-video-preview:-1\" \/>\n<link rel=\"canonical\" href=\"https:\/\/www.cheapfilms.cat\/es\/home\/\" \/>\n<meta property=\"og:locale\" content=\"es_ES\" \/>\n<meta property=\"og:type\" content=\"article\" \/>\n<meta property=\"og:title\" content=\"Home - Cheapfilms\" \/>\n<meta property=\"og:description\" content=\"Todos nuestros servicios est\u00e1n pensados para que seas el centro de la acci\u00f3n. Una pel\u00edcula donde su grupo es el protagonista.\" \/>\n<meta property=\"og:url\" content=\"https:\/\/www.cheapfilms.cat\/es\/home\/\" \/>\n<meta property=\"og:site_name\" content=\"Cheapfilms\" \/>\n<meta property=\"article:modified_time\" content=\"2025-01-18T17:49:03+00:00\" \/>\n<meta name=\"twitter:card\" content=\"summary_large_image\" \/>\n<meta name=\"twitter:label1\" content=\"Tiempo de lectura\" \/>\n\t<meta name=\"twitter:data1\" content=\"4 minutos\" \/>\n<script type=\"application\/ld+json\" class=\"yoast-schema-graph\">{\"@context\":\"https:\\\/\\\/schema.org\",\"@graph\":[{\"@type\":\"WebPage\",\"@id\":\"https:\\\/\\\/www.cheapfilms.cat\\\/es\\\/home\\\/\",\"url\":\"https:\\\/\\\/www.cheapfilms.cat\\\/es\\\/home\\\/\",\"name\":\"Home - Cheapfilms\",\"isPartOf\":{\"@id\":\"https:\\\/\\\/www.cheapfilms.cat\\\/#website\"},\"datePublished\":\"2017-06-14T18:00:06+00:00\",\"dateModified\":\"2025-01-18T17:49:03+00:00\",\"description\":\"Todos nuestros servicios est\u00e1n pensados para que seas el centro de la acci\u00f3n. Una pel\u00edcula donde su grupo es el protagonista.\",\"breadcrumb\":{\"@id\":\"https:\\\/\\\/www.cheapfilms.cat\\\/es\\\/home\\\/#breadcrumb\"},\"inLanguage\":\"es\",\"potentialAction\":[{\"@type\":\"ReadAction\",\"target\":[\"https:\\\/\\\/www.cheapfilms.cat\\\/es\\\/home\\\/\"]}]},{\"@type\":\"BreadcrumbList\",\"@id\":\"https:\\\/\\\/www.cheapfilms.cat\\\/es\\\/home\\\/#breadcrumb\",\"itemListElement\":[{\"@type\":\"ListItem\",\"position\":1,\"name\":\"Inici\",\"item\":\"https:\\\/\\\/www.cheapfilms.cat\\\/es\\\/home\\\/\"},{\"@type\":\"ListItem\",\"position\":2,\"name\":\"Home\"}]},{\"@type\":\"WebSite\",\"@id\":\"https:\\\/\\\/www.cheapfilms.cat\\\/#website\",\"url\":\"https:\\\/\\\/www.cheapfilms.cat\\\/\",\"name\":\"Cheapfilms\",\"description\":\"Tu ets el protagonista!\",\"potentialAction\":[{\"@type\":\"SearchAction\",\"target\":{\"@type\":\"EntryPoint\",\"urlTemplate\":\"https:\\\/\\\/www.cheapfilms.cat\\\/?s={search_term_string}\"},\"query-input\":{\"@type\":\"PropertyValueSpecification\",\"valueRequired\":true,\"valueName\":\"search_term_string\"}}],\"inLanguage\":\"es\"}]}<\/script>\n<!-- \/ Yoast SEO plugin. -->","yoast_head_json":{"title":"Home - Cheapfilms","description":"Todos nuestros servicios est\u00e1n pensados para que seas el centro de la acci\u00f3n. Una pel\u00edcula donde su grupo es el protagonista.","robots":{"index":"index","follow":"follow","max-snippet":"max-snippet:-1","max-image-preview":"max-image-preview:large","max-video-preview":"max-video-preview:-1"},"canonical":"https:\/\/www.cheapfilms.cat\/es\/home\/","og_locale":"es_ES","og_type":"article","og_title":"Home - Cheapfilms","og_description":"Todos nuestros servicios est\u00e1n pensados para que seas el centro de la acci\u00f3n. Una pel\u00edcula donde su grupo es el protagonista.","og_url":"https:\/\/www.cheapfilms.cat\/es\/home\/","og_site_name":"Cheapfilms","article_modified_time":"2025-01-18T17:49:03+00:00","twitter_card":"summary_large_image","twitter_misc":{"Tiempo de lectura":"4 minutos"},"schema":{"@context":"https:\/\/schema.org","@graph":[{"@type":"WebPage","@id":"https:\/\/www.cheapfilms.cat\/es\/home\/","url":"https:\/\/www.cheapfilms.cat\/es\/home\/","name":"Home - Cheapfilms","isPartOf":{"@id":"https:\/\/www.cheapfilms.cat\/#website"},"datePublished":"2017-06-14T18:00:06+00:00","dateModified":"2025-01-18T17:49:03+00:00","description":"Todos nuestros servicios est\u00e1n pensados para que seas el centro de la acci\u00f3n. Una pel\u00edcula donde su grupo es el protagonista.","breadcrumb":{"@id":"https:\/\/www.cheapfilms.cat\/es\/home\/#breadcrumb"},"inLanguage":"es","potentialAction":[{"@type":"ReadAction","target":["https:\/\/www.cheapfilms.cat\/es\/home\/"]}]},{"@type":"BreadcrumbList","@id":"https:\/\/www.cheapfilms.cat\/es\/home\/#breadcrumb","itemListElement":[{"@type":"ListItem","position":1,"name":"Inici","item":"https:\/\/www.cheapfilms.cat\/es\/home\/"},{"@type":"ListItem","position":2,"name":"Home"}]},{"@type":"WebSite","@id":"https:\/\/www.cheapfilms.cat\/#website","url":"https:\/\/www.cheapfilms.cat\/","name":"Cheapfilms","description":"Tu ets el protagonista!","potentialAction":[{"@type":"SearchAction","target":{"@type":"EntryPoint","urlTemplate":"https:\/\/www.cheapfilms.cat\/?s={search_term_string}"},"query-input":{"@type":"PropertyValueSpecification","valueRequired":true,"valueName":"search_term_string"}}],"inLanguage":"es"}]}},"_links":{"self":[{"href":"https:\/\/www.cheapfilms.cat\/es\/wp-json\/wp\/v2\/pages\/1089","targetHints":{"allow":["GET"]}}],"collection":[{"href":"https:\/\/www.cheapfilms.cat\/es\/wp-json\/wp\/v2\/pages"}],"about":[{"href":"https:\/\/www.cheapfilms.cat\/es\/wp-json\/wp\/v2\/types\/page"}],"author":[{"embeddable":true,"href":"https:\/\/www.cheapfilms.cat\/es\/wp-json\/wp\/v2\/users\/2"}],"replies":[{"embeddable":true,"href":"https:\/\/www.cheapfilms.cat\/es\/wp-json\/wp\/v2\/comments?post=1089"}],"version-history":[{"count":25,"href":"https:\/\/www.cheapfilms.cat\/es\/wp-json\/wp\/v2\/pages\/1089\/revisions"}],"predecessor-version":[{"id":5757,"href":"https:\/\/www.cheapfilms.cat\/es\/wp-json\/wp\/v2\/pages\/1089\/revisions\/5757"}],"wp:attachment":[{"href":"https:\/\/www.cheapfilms.cat\/es\/wp-json\/wp\/v2\/media?parent=1089"}],"curies":[{"name":"wp","href":"https:\/\/api.w.org\/{rel}","templated":true}]}}