{"id":967,"date":"2017-06-14T18:00:06","date_gmt":"2017-06-14T18:00:06","guid":{"rendered":"https:\/\/cheapfilms.cat\/home\/"},"modified":"2025-01-18T17:49:03","modified_gmt":"2025-01-18T17:49:03","slug":"home","status":"publish","type":"page","link":"https:\/\/www.cheapfilms.cat\/en\/","title":{"rendered":"Home"},"content":{"rendered":"<div class=\"wpb-content-wrapper\">[vc_row][vc_column][vc_video link=&#8221;https:\/\/vimeo.com\/1045778934&#8243; align=&#8221;center&#8221; css=&#8221;&#8221;][vc_video link=&#8221;https:\/\/youtu.be\/X1ki88yPINs&#8221; align=&#8221;center&#8221; css=&#8221;&#8221; el_class=&#8221;youtubebox&#8221;][\/vc_column][\/vc_row][vc_row curly_padding=&#8221;content-padding-none&#8221; css=&#8221;.vc_custom_1533916735273{background-position: center !important;background-repeat: no-repeat !important;background-size: cover !important;}&#8221;][vc_column][vc_column_text]\n<h1 class=\"special-title\" style=\"text-align: center;\">Convertim el teu esdeveniment en una experi\u00e8ncia inoblidable mitjan\u00e7ant un rodatge cinematogr\u00e0fic d&#8217;\u00e8poca<\/h1>\n[\/vc_column_text][vc_single_image image=&#8221;1271&#8243; img_size=&#8221;full&#8221; alignment=&#8221;center&#8221;][vc_column_text]\n<h3 style=\"text-align: center;\">AMB EL M\u00c8TODE CHEAP FILMS RODEM I ESTRENEM LA TEVA PEL\u00b7L\u00cdCULA EL MATEIX DIA<\/h3>\n[\/vc_column_text][vc_column_text]\n<h3 style=\"text-align: center;\">ELS ASSISTENTS A L&#8217;ACTE ES CONVERTEIXEN EN ACTRIUS I ACTORS IMPROVISATS&#8230; CHEAP FILMS POSA LA RESTA<\/h3>\n[\/vc_column_text][vc_column_text]\n<h3 style=\"text-align: center;\">ENS ADAPTEM A TOT TIPUS D&#8217;ESDEVENIMENTS<\/h3>\n[\/vc_column_text][vc_column_text]\n<h3 style=\"text-align: center;\">( ATENCI\u00d3: ACTIVITAT AMB ALTES DOSIS DE DIVERSI\u00d3 )<\/h3>\n[\/vc_column_text][vc_single_image image=&#8221;1271&#8243; img_size=&#8221;full&#8221; alignment=&#8221;center&#8221;][vc_column_text]\n<h2 style=\"text-align: center;\">QUIN \u00c9S EL TEU CHEAP FILMS?<\/h2>\n[\/vc_column_text][\/vc_column][\/vc_row][vc_row][vc_column width=&#8221;1\/4&#8243;][vc_single_image image=&#8221;1746&#8243; img_size=&#8221;full&#8221; style=&#8221;vc_box_border&#8221; onclick=&#8221;custom_link&#8221; link=&#8221;https:\/\/wp.me\/PalxQn-rg&#8221;][\/vc_column][vc_column width=&#8221;1\/4&#8243;][vc_single_image image=&#8221;1752&#8243; img_size=&#8221;full&#8221; style=&#8221;vc_box_border&#8221; onclick=&#8221;custom_link&#8221; link=&#8221;https:\/\/wp.me\/PalxQn-qO&#8221;][\/vc_column][vc_column width=&#8221;1\/4&#8243;][vc_single_image image=&#8221;1755&#8243; img_size=&#8221;full&#8221; style=&#8221;vc_box_border&#8221; onclick=&#8221;custom_link&#8221; link=&#8221;https:\/\/wp.me\/PalxQn-ri&#8221;][\/vc_column][vc_column width=&#8221;1\/4&#8243;][vc_single_image image=&#8221;1749&#8243; img_size=&#8221;full&#8221; style=&#8221;vc_box_border&#8221; onclick=&#8221;custom_link&#8221; link=&#8221;https:\/\/wp.me\/PalxQn-rh&#8221;][\/vc_column][\/vc_row][vc_row][vc_column][vc_single_image image=&#8221;1271&#8243; img_size=&#8221;full&#8221; alignment=&#8221;center&#8221;][vc_column_text]\n<h3 style=\"text-align: center;\">Per\u00f2 no nom\u00e9s som especialistes en pel\u00b7l\u00edcules!<br \/>\nUn m\u00f3n de possibilitats t&#8217;esperen&#8230;<\/h3>\n[\/vc_column_text][\/vc_column][\/vc_row][vc_row el_class=&#8221;activitats&#8221;][vc_column width=&#8221;1\/4&#8243;][vc_column_text]\n<h3 style=\"text-align: center;\">Pel\u00b7l\u00edcules<\/h3>\n[\/vc_column_text][vc_single_image image=&#8221;596&#8243; img_size=&#8221;full&#8221; onclick=&#8221;custom_link&#8221; link=&#8221;http:\/\/www.cheapfilms.es\/pelis\/&#8221;][vc_btn title=&#8221;Veure m\u00e9s&#8221; align=&#8221;center&#8221; link=&#8221;url:http%3A%2F%2Fcheapfilms.es%2Fpelis%2F|&#8221;][\/vc_column][vc_column width=&#8221;1\/4&#8243;][vc_column_text]\n<h3 style=\"text-align: center;\">Jocs en viu<\/h3>\n[\/vc_column_text][vc_single_image image=&#8221;705&#8243; img_size=&#8221;full&#8221; onclick=&#8221;custom_link&#8221; link=&#8221;http:\/\/www.cheapfilms.es\/joc-en-viu\/&#8221;][vc_btn title=&#8221;Veure m\u00e9s&#8221; align=&#8221;center&#8221; link=&#8221;url:http%3A%2F%2Fcheapfilms.es%2Fjoc-en-viu%2F|&#8221;][\/vc_column][vc_column width=&#8221;1\/4&#8243;][vc_column_text]\n<h3 style=\"text-align: center;\">Photocall<\/h3>\n[\/vc_column_text][vc_single_image image=&#8221;597&#8243; img_size=&#8221;full&#8221; onclick=&#8221;custom_link&#8221; link=&#8221;http:\/\/www.cheapfilms.es\/photocall\/&#8221;][vc_btn title=&#8221;Veure m\u00e9s&#8221; align=&#8221;center&#8221; link=&#8221;url:http%3A%2F%2Fcheapfilms.es%2Fphotocall%2F|&#8221;][\/vc_column][vc_column width=&#8221;1\/4&#8243;][vc_column_text]\n<h3 style=\"text-align: center;\">Esdeveniments<\/h3>\n[\/vc_column_text][vc_single_image image=&#8221;598&#8243; img_size=&#8221;full&#8221; onclick=&#8221;custom_link&#8221; link=&#8221;http:\/\/www.cheapfilms.es\/esdeveniment\/&#8221;][vc_btn title=&#8221;Veure m\u00e9s&#8221; align=&#8221;center&#8221; link=&#8221;url:http%3A%2F%2Fcheapfilms.es%2Fesdeveniment%2F|&#8221;][\/vc_column][\/vc_row][vc_row curly_padding=&#8221;content-padding-none&#8221; css=&#8221;.vc_custom_1533916735273{background-position: center !important;background-repeat: no-repeat !important;background-size: cover !important;}&#8221;][vc_column][vc_single_image image=&#8221;258&#8243; img_size=&#8221;full&#8221;][\/vc_column][\/vc_row][vc_row full_width=&#8221;stretch_row&#8221; gap=&#8221;35&#8243; content_placement=&#8221;middle&#8221; curly_padding=&#8221;content-padding-none&#8221; css=&#8221;.vc_custom_1496246250057{background-color: #1a1919 !important;}&#8221;][vc_column offset=&#8221;vc_col-xs-6&#8243;][vc_column_text]\n<h4>Han confiat en nosaltres:<\/h4>\n[\/vc_column_text][vc_row_inner][vc_column_inner width=&#8221;1\/4&#8243;][vc_single_image image=&#8221;540&#8243; img_size=&#8221;full&#8221; alignment=&#8221;center&#8221; css=&#8221;&#8221; curly_max_width=&#8221;80%&#8221; el_class=&#8221;height114&#8243;][\/vc_column_inner][vc_column_inner width=&#8221;1\/4&#8243;][vc_single_image image=&#8221;537&#8243; img_size=&#8221;full&#8221; alignment=&#8221;center&#8221; css=&#8221;&#8221; curly_max_width=&#8221;80%&#8221; el_class=&#8221;height114&#8243;][\/vc_column_inner][vc_column_inner width=&#8221;1\/4&#8243;][vc_single_image image=&#8221;538&#8243; img_size=&#8221;full&#8221; alignment=&#8221;center&#8221; css=&#8221;&#8221; curly_max_width=&#8221;80%&#8221; el_class=&#8221;height114&#8243;][\/vc_column_inner][vc_column_inner width=&#8221;1\/4&#8243;][vc_single_image image=&#8221;543&#8243; img_size=&#8221;full&#8221; alignment=&#8221;center&#8221; css=&#8221;&#8221; curly_max_width=&#8221;80%&#8221; el_class=&#8221;height114&#8243;][\/vc_column_inner][\/vc_row_inner][vc_row_inner][vc_column_inner width=&#8221;1\/3&#8243;][vc_single_image image=&#8221;545&#8243; img_size=&#8221;full&#8221; alignment=&#8221;right&#8221; css=&#8221;&#8221; curly_max_width=&#8221;80%&#8221; el_class=&#8221;height114&#8243;][\/vc_column_inner][vc_column_inner width=&#8221;1\/3&#8243;][vc_single_image image=&#8221;546&#8243; img_size=&#8221;full&#8221; alignment=&#8221;center&#8221; css=&#8221;&#8221; curly_max_width=&#8221;80%&#8221; el_class=&#8221;height114&#8243;][\/vc_column_inner][vc_column_inner width=&#8221;1\/3&#8243;][vc_single_image image=&#8221;5736&#8243; img_size=&#8221;full&#8221; css=&#8221;&#8221; curly_max_width=&#8221;80%&#8221; el_class=&#8221;height114&#8243;][\/vc_column_inner][\/vc_row_inner][\/vc_column][\/vc_row]\n<\/div>","protected":false},"excerpt":{"rendered":"<p>[vc_row][vc_column][vc_video link=&#8221;https:\/\/vimeo.com\/1045778934&#8243; align=&#8221;center&#8221; css=&#8221;&#8221;][vc_video link=&#8221;https:\/\/youtu.be\/X1ki88yPINs&#8221; align=&#8221;center&#8221; css=&#8221;&#8221; el_class=&#8221;youtubebox&#8221;][\/vc_column][\/vc_row][vc_row curly_padding=&#8221;content-padding-none&#8221; css=&#8221;.vc_custom_1533916735273{background-position: center !important;background-repeat: no-repeat !important;background-size: cover !important;}&#8221;][vc_column][vc_column_text] Convertim el teu esdeveniment en una experi\u00e8ncia inoblidable mitjan\u00e7ant un rodatge cinematogr\u00e0fic d&#8217;\u00e8poca [\/vc_column_text][vc_single_image image=&#8221;1271&#8243; img_size=&#8221;full&#8221; alignment=&#8221;center&#8221;][vc_column_text] AMB EL M\u00c8TODE CHEAP FILMS RODEM I ESTRENEM LA TEVA PEL\u00b7L\u00cdCULA EL MATEIX DIA [\/vc_column_text][vc_column_text] ELS ASSISTENTS A L&#8217;ACTE ES CONVERTEIXEN EN ACTRIUS I ACTORS IMPROVISATS&#8230; CHEAP [&hellip;]<\/p>\n","protected":false},"author":2,"featured_media":0,"parent":0,"menu_order":0,"comment_status":"closed","ping_status":"closed","template":"","meta":{"inline_featured_image":false,"footnotes":""},"class_list":["post-967","page","type-page","status-publish","hentry"],"yoast_head":"<!-- This site is optimized with the Yoast SEO plugin v27.5 - https:\/\/yoast.com\/product\/yoast-seo-wordpress\/ -->\n<title>Home - Cheapfilms<\/title>\n<meta name=\"description\" content=\"All our services are designed to make you the center of action. A film where your group is the protagonist.\" \/>\n<meta name=\"robots\" content=\"index, follow, max-snippet:-1, max-image-preview:large, max-video-preview:-1\" \/>\n<link rel=\"canonical\" href=\"https:\/\/www.cheapfilms.cat\/en\/home\/\" \/>\n<meta property=\"og:locale\" content=\"en_US\" \/>\n<meta property=\"og:type\" content=\"article\" \/>\n<meta property=\"og:title\" content=\"Home - Cheapfilms\" \/>\n<meta property=\"og:description\" content=\"All our services are designed to make you the center of action. A film where your group is the protagonist.\" \/>\n<meta property=\"og:url\" content=\"https:\/\/www.cheapfilms.cat\/en\/home\/\" \/>\n<meta property=\"og:site_name\" content=\"Cheapfilms\" \/>\n<meta property=\"article:modified_time\" content=\"2025-01-18T17:49:03+00:00\" \/>\n<meta name=\"twitter:card\" content=\"summary_large_image\" \/>\n<meta name=\"twitter:label1\" content=\"Est. reading time\" \/>\n\t<meta name=\"twitter:data1\" content=\"4 minutes\" \/>\n<script type=\"application\/ld+json\" class=\"yoast-schema-graph\">{\"@context\":\"https:\\\/\\\/schema.org\",\"@graph\":[{\"@type\":\"WebPage\",\"@id\":\"https:\\\/\\\/www.cheapfilms.cat\\\/en\\\/home\\\/\",\"url\":\"https:\\\/\\\/www.cheapfilms.cat\\\/en\\\/home\\\/\",\"name\":\"Home - Cheapfilms\",\"isPartOf\":{\"@id\":\"https:\\\/\\\/www.cheapfilms.cat\\\/#website\"},\"datePublished\":\"2017-06-14T18:00:06+00:00\",\"dateModified\":\"2025-01-18T17:49:03+00:00\",\"description\":\"All our services are designed to make you the center of action. A film where your group is the protagonist.\",\"breadcrumb\":{\"@id\":\"https:\\\/\\\/www.cheapfilms.cat\\\/en\\\/home\\\/#breadcrumb\"},\"inLanguage\":\"en-US\",\"potentialAction\":[{\"@type\":\"ReadAction\",\"target\":[\"https:\\\/\\\/www.cheapfilms.cat\\\/en\\\/home\\\/\"]}]},{\"@type\":\"BreadcrumbList\",\"@id\":\"https:\\\/\\\/www.cheapfilms.cat\\\/en\\\/home\\\/#breadcrumb\",\"itemListElement\":[{\"@type\":\"ListItem\",\"position\":1,\"name\":\"Inici\",\"item\":\"https:\\\/\\\/www.cheapfilms.cat\\\/en\\\/home\\\/\"},{\"@type\":\"ListItem\",\"position\":2,\"name\":\"Home\"}]},{\"@type\":\"WebSite\",\"@id\":\"https:\\\/\\\/www.cheapfilms.cat\\\/#website\",\"url\":\"https:\\\/\\\/www.cheapfilms.cat\\\/\",\"name\":\"Cheapfilms\",\"description\":\"Tu ets el protagonista!\",\"potentialAction\":[{\"@type\":\"SearchAction\",\"target\":{\"@type\":\"EntryPoint\",\"urlTemplate\":\"https:\\\/\\\/www.cheapfilms.cat\\\/?s={search_term_string}\"},\"query-input\":{\"@type\":\"PropertyValueSpecification\",\"valueRequired\":true,\"valueName\":\"search_term_string\"}}],\"inLanguage\":\"en-US\"}]}<\/script>\n<!-- \/ Yoast SEO plugin. -->","yoast_head_json":{"title":"Home - Cheapfilms","description":"All our services are designed to make you the center of action. A film where your group is the protagonist.","robots":{"index":"index","follow":"follow","max-snippet":"max-snippet:-1","max-image-preview":"max-image-preview:large","max-video-preview":"max-video-preview:-1"},"canonical":"https:\/\/www.cheapfilms.cat\/en\/home\/","og_locale":"en_US","og_type":"article","og_title":"Home - Cheapfilms","og_description":"All our services are designed to make you the center of action. A film where your group is the protagonist.","og_url":"https:\/\/www.cheapfilms.cat\/en\/home\/","og_site_name":"Cheapfilms","article_modified_time":"2025-01-18T17:49:03+00:00","twitter_card":"summary_large_image","twitter_misc":{"Est. reading time":"4 minutes"},"schema":{"@context":"https:\/\/schema.org","@graph":[{"@type":"WebPage","@id":"https:\/\/www.cheapfilms.cat\/en\/home\/","url":"https:\/\/www.cheapfilms.cat\/en\/home\/","name":"Home - Cheapfilms","isPartOf":{"@id":"https:\/\/www.cheapfilms.cat\/#website"},"datePublished":"2017-06-14T18:00:06+00:00","dateModified":"2025-01-18T17:49:03+00:00","description":"All our services are designed to make you the center of action. A film where your group is the protagonist.","breadcrumb":{"@id":"https:\/\/www.cheapfilms.cat\/en\/home\/#breadcrumb"},"inLanguage":"en-US","potentialAction":[{"@type":"ReadAction","target":["https:\/\/www.cheapfilms.cat\/en\/home\/"]}]},{"@type":"BreadcrumbList","@id":"https:\/\/www.cheapfilms.cat\/en\/home\/#breadcrumb","itemListElement":[{"@type":"ListItem","position":1,"name":"Inici","item":"https:\/\/www.cheapfilms.cat\/en\/home\/"},{"@type":"ListItem","position":2,"name":"Home"}]},{"@type":"WebSite","@id":"https:\/\/www.cheapfilms.cat\/#website","url":"https:\/\/www.cheapfilms.cat\/","name":"Cheapfilms","description":"Tu ets el protagonista!","potentialAction":[{"@type":"SearchAction","target":{"@type":"EntryPoint","urlTemplate":"https:\/\/www.cheapfilms.cat\/?s={search_term_string}"},"query-input":{"@type":"PropertyValueSpecification","valueRequired":true,"valueName":"search_term_string"}}],"inLanguage":"en-US"}]}},"_links":{"self":[{"href":"https:\/\/www.cheapfilms.cat\/en\/wp-json\/wp\/v2\/pages\/967","targetHints":{"allow":["GET"]}}],"collection":[{"href":"https:\/\/www.cheapfilms.cat\/en\/wp-json\/wp\/v2\/pages"}],"about":[{"href":"https:\/\/www.cheapfilms.cat\/en\/wp-json\/wp\/v2\/types\/page"}],"author":[{"embeddable":true,"href":"https:\/\/www.cheapfilms.cat\/en\/wp-json\/wp\/v2\/users\/2"}],"replies":[{"embeddable":true,"href":"https:\/\/www.cheapfilms.cat\/en\/wp-json\/wp\/v2\/comments?post=967"}],"version-history":[{"count":18,"href":"https:\/\/www.cheapfilms.cat\/en\/wp-json\/wp\/v2\/pages\/967\/revisions"}],"predecessor-version":[{"id":5756,"href":"https:\/\/www.cheapfilms.cat\/en\/wp-json\/wp\/v2\/pages\/967\/revisions\/5756"}],"wp:attachment":[{"href":"https:\/\/www.cheapfilms.cat\/en\/wp-json\/wp\/v2\/media?parent=967"}],"curies":[{"name":"wp","href":"https:\/\/api.w.org\/{rel}","templated":true}]}}