{"id":1213,"date":"2018-08-13T18:19:09","date_gmt":"2018-08-13T18:19:09","guid":{"rendered":"https:\/\/cheapfilms.cat\/photocall\/"},"modified":"2019-06-25T03:46:01","modified_gmt":"2019-06-25T03:46:01","slug":"photocall","status":"publish","type":"page","link":"https:\/\/www.cheapfilms.cat\/en\/photocall\/","title":{"rendered":"Photocall"},"content":{"rendered":"<div class=\"wpb-content-wrapper\">[vc_row gap=&#8221;30&#8243;][vc_column width=&#8221;1\/3&#8243;][vc_single_image image=&#8221;262&#8243; img_size=&#8221;full&#8221;][\/vc_column][vc_column width=&#8221;2\/3&#8243;][vc_column_text]\n<h3 class=\"title\"><span style=\"font-weight: 400;\">El glamur la de alfombra roja?<\/span><\/h3>\n[\/vc_column_text][vc_column_text]<span style=\"font-weight: 400;\">\u00bfRecreaciones de escenas famosas del cine? \u00bfEl videoclip m\u00e1s famoso de la historia?<\/span><\/p>\n<p><span style=\"font-weight: 400;\">Ponemos a tu disposici\u00f3n m\u00e1s de 300 piezas de ropa para construir el Photocall que mejor se adapte a tus necesidades.<\/span><\/p>\n<p><span style=\"font-weight: 400;\">Todo el potencial de Cheap Films concentrado en un photocall tem\u00e1tico y din\u00e1mico. Un actor os ayudara a recrear las mejores composiciones<\/span><\/p>\n<p><span style=\"font-weight: 400;\">El Photocall din\u00e1mico es una propuesta que har\u00e1 evento \u00fanico y que os garantiza diversi\u00f3n complementaria en la celebraci\u00f3n que ten\u00e9is en mente.<\/span>[\/vc_column_text][\/vc_column][\/vc_row][vc_row][vc_column][vc_single_image image=&#8221;230&#8243; img_size=&#8221;full&#8221; alignment=&#8221;center&#8221; el_class=&#8221;separator-cheap&#8221;][\/vc_column][\/vc_row][vc_row css=&#8221;.vc_custom_1534154135911{padding-top: 0px !important;}&#8221; el_id=&#8221;display-pelis&#8221;][vc_column width=&#8221;2\/12&#8243; css=&#8221;.vc_custom_1534006447323{padding-top: 0px !important;}&#8221;][\/vc_column][vc_column width=&#8221;8\/12&#8243;][vc_gallery interval=&#8221;3&#8243; images=&#8221;680,681,682,683,684,686&#8243; img_size=&#8221;full&#8221;][vc_single_image image=&#8221;230&#8243; img_size=&#8221;full&#8221; alignment=&#8221;center&#8221; el_class=&#8221;separator-cheap&#8221;][\/vc_column][vc_column width=&#8221;2\/12&#8243;][\/vc_column][\/vc_row][vc_row][vc_column][vc_single_image image=&#8221;230&#8243; img_size=&#8221;full&#8221; alignment=&#8221;center&#8221; el_class=&#8221;separator-cheap&#8221;][\/vc_column][\/vc_row][vc_row][vc_column]\n<div class=\"wpcf7 no-js\" id=\"wpcf7-f1093-o1\" lang=\"es-ES\" dir=\"ltr\" data-wpcf7-id=\"1093\">\n<div class=\"screen-reader-response\"><p role=\"status\" aria-live=\"polite\" aria-atomic=\"true\"><\/p> <ul><\/ul><\/div>\n<form action=\"\/en\/wp-json\/wp\/v2\/pages\/1213#wpcf7-f1093-o1\" method=\"post\" class=\"wpcf7-form init\" aria-label=\"Formulario de contacto\" novalidate=\"novalidate\" data-status=\"init\">\n<fieldset class=\"hidden-fields-container\"><input type=\"hidden\" name=\"_wpcf7\" value=\"1093\" \/><input type=\"hidden\" name=\"_wpcf7_version\" value=\"6.1.5\" \/><input type=\"hidden\" name=\"_wpcf7_locale\" value=\"es_ES\" \/><input type=\"hidden\" name=\"_wpcf7_unit_tag\" value=\"wpcf7-f1093-o1\" \/><input type=\"hidden\" name=\"_wpcf7_container_post\" value=\"0\" \/><input type=\"hidden\" name=\"_wpcf7_posted_data_hash\" value=\"\" \/><input type=\"hidden\" name=\"_wpcf7_recaptcha_response\" value=\"\" \/>\n<\/fieldset>\n<p><label> Nombre<br \/>\n<span class=\"wpcf7-form-control-wrap\" data-name=\"your-name\"><input size=\"40\" maxlength=\"400\" class=\"wpcf7-form-control wpcf7-text wpcf7-validates-as-required\" aria-required=\"true\" aria-invalid=\"false\" value=\"\" type=\"text\" name=\"your-name\" \/><\/span> <\/label>\n<\/p>\n<p><label> Correo Electr\u00f3nico<br \/>\n<span class=\"wpcf7-form-control-wrap\" data-name=\"your-email\"><input size=\"40\" maxlength=\"400\" class=\"wpcf7-form-control wpcf7-email wpcf7-validates-as-required wpcf7-text wpcf7-validates-as-email\" aria-required=\"true\" aria-invalid=\"false\" value=\"\" type=\"email\" name=\"your-email\" \/><\/span> <\/label>\n<\/p>\n<p><label> Tel\u00e9fono<br \/>\n<span class=\"wpcf7-form-control-wrap\" data-name=\"tel-737\"><input size=\"40\" maxlength=\"400\" class=\"wpcf7-form-control wpcf7-tel wpcf7-text wpcf7-validates-as-tel\" aria-invalid=\"false\" value=\"\" type=\"tel\" name=\"tel-737\" \/><\/span><\/label>\n<\/p>\n<p><label> Assumpte<br \/>\n<span class=\"wpcf7-form-control-wrap\" data-name=\"your-subject\"><input size=\"40\" maxlength=\"400\" class=\"wpcf7-form-control wpcf7-text\" aria-invalid=\"false\" value=\"\" type=\"text\" name=\"your-subject\" \/><\/span> <\/label>\n<\/p>\n<p><label> Mensaje<br \/>\n<span class=\"wpcf7-form-control-wrap\" data-name=\"your-message\"><textarea cols=\"40\" rows=\"10\" maxlength=\"2000\" class=\"wpcf7-form-control wpcf7-textarea\" aria-invalid=\"false\" name=\"your-message\"><\/textarea><\/span> <\/label><br \/>\n<span class=\"wpcf7-form-control-wrap\" data-name=\"acceptance-909\"><span class=\"wpcf7-form-control wpcf7-acceptance\"><span class=\"wpcf7-list-item\"><label><input type=\"checkbox\" name=\"acceptance-909\" value=\"1\" aria-invalid=\"false\" \/><span class=\"wpcf7-list-item-label\">He le\u00eddo y entiendo la  <a href=\"http:\/\/cheapfilms.es\/politica-de-privacidad\/\">pol\u00edtica de privacidad<\/a>.<\/span><\/label><\/span><\/span><\/span>\n<\/p>\n<p><input class=\"wpcf7-form-control wpcf7-submit has-spinner\" type=\"submit\" value=\"Enviar\" \/>\n<\/p><div class=\"wpcf7-response-output\" aria-hidden=\"true\"><\/div>\n<\/form>\n<\/div>\n[\/vc_column][\/vc_row]\n<\/div>","protected":false},"excerpt":{"rendered":"<p>[vc_row gap=&#8221;30&#8243;][vc_column width=&#8221;1\/3&#8243;][vc_single_image image=&#8221;262&#8243; img_size=&#8221;full&#8221;][\/vc_column][vc_column width=&#8221;2\/3&#8243;][vc_column_text] El glamur la de alfombra roja? [\/vc_column_text][vc_column_text]\u00bfRecreaciones de escenas famosas del cine? \u00bfEl videoclip m\u00e1s famoso de la historia? Ponemos a tu disposici\u00f3n m\u00e1s de 300 piezas de ropa para construir el Photocall que mejor se adapte a tus necesidades. Todo el potencial de Cheap Films concentrado en un photocall tem\u00e1tico y din\u00e1mico. Un [&hellip;]<\/p>\n","protected":false},"author":1,"featured_media":0,"parent":0,"menu_order":0,"comment_status":"closed","ping_status":"closed","template":"","meta":{"inline_featured_image":false,"footnotes":""},"class_list":["post-1213","page","type-page","status-publish","hentry"],"yoast_head":"<!-- This site is optimized with the Yoast SEO plugin v27.5 - https:\/\/yoast.com\/product\/yoast-seo-wordpress\/ -->\n<title>Photocall - CheapFilms<\/title>\n<meta name=\"robots\" content=\"index, follow, max-snippet:-1, max-image-preview:large, max-video-preview:-1\" \/>\n<link rel=\"canonical\" href=\"https:\/\/www.cheapfilms.cat\/en\/photocall\/\" \/>\n<meta property=\"og:locale\" content=\"en_US\" \/>\n<meta property=\"og:type\" content=\"article\" \/>\n<meta property=\"og:title\" content=\"Photocall - CheapFilms\" \/>\n<meta property=\"og:description\" content=\"[vc_row gap=&#8221;30&#8243;][vc_column width=&#8221;1\/3&#8243;][vc_single_image image=&#8221;262&#8243; img_size=&#8221;full&#8221;][\/vc_column][vc_column width=&#8221;2\/3&#8243;][vc_column_text] El glamur la de alfombra roja? [\/vc_column_text][vc_column_text]\u00bfRecreaciones de escenas famosas del cine? \u00bfEl videoclip m\u00e1s famoso de la historia? Ponemos a tu disposici\u00f3n m\u00e1s de 300 piezas de ropa para construir el Photocall que mejor se adapte a tus necesidades. Todo el potencial de Cheap Films concentrado en un photocall tem\u00e1tico y din\u00e1mico. Un [&hellip;]\" \/>\n<meta property=\"og:url\" content=\"https:\/\/www.cheapfilms.cat\/en\/photocall\/\" \/>\n<meta property=\"og:site_name\" content=\"Cheapfilms\" \/>\n<meta property=\"article:modified_time\" content=\"2019-06-25T03:46:01+00:00\" \/>\n<meta name=\"twitter:card\" content=\"summary_large_image\" \/>\n<meta name=\"twitter:label1\" content=\"Est. reading time\" \/>\n\t<meta name=\"twitter:data1\" content=\"1 minute\" \/>\n<script type=\"application\/ld+json\" class=\"yoast-schema-graph\">{\"@context\":\"https:\\\/\\\/schema.org\",\"@graph\":[{\"@type\":\"WebPage\",\"@id\":\"https:\\\/\\\/www.cheapfilms.cat\\\/en\\\/photocall\\\/\",\"url\":\"https:\\\/\\\/www.cheapfilms.cat\\\/en\\\/photocall\\\/\",\"name\":\"Photocall - CheapFilms\",\"isPartOf\":{\"@id\":\"https:\\\/\\\/www.cheapfilms.cat\\\/#website\"},\"datePublished\":\"2018-08-13T18:19:09+00:00\",\"dateModified\":\"2019-06-25T03:46:01+00:00\",\"breadcrumb\":{\"@id\":\"https:\\\/\\\/www.cheapfilms.cat\\\/en\\\/photocall\\\/#breadcrumb\"},\"inLanguage\":\"en-US\",\"potentialAction\":[{\"@type\":\"ReadAction\",\"target\":[\"https:\\\/\\\/www.cheapfilms.cat\\\/en\\\/photocall\\\/\"]}]},{\"@type\":\"BreadcrumbList\",\"@id\":\"https:\\\/\\\/www.cheapfilms.cat\\\/en\\\/photocall\\\/#breadcrumb\",\"itemListElement\":[{\"@type\":\"ListItem\",\"position\":1,\"name\":\"Inici\",\"item\":\"https:\\\/\\\/www.cheapfilms.cat\\\/en\\\/home\\\/\"},{\"@type\":\"ListItem\",\"position\":2,\"name\":\"Photocall\"}]},{\"@type\":\"WebSite\",\"@id\":\"https:\\\/\\\/www.cheapfilms.cat\\\/#website\",\"url\":\"https:\\\/\\\/www.cheapfilms.cat\\\/\",\"name\":\"Cheapfilms\",\"description\":\"Tu ets el protagonista!\",\"potentialAction\":[{\"@type\":\"SearchAction\",\"target\":{\"@type\":\"EntryPoint\",\"urlTemplate\":\"https:\\\/\\\/www.cheapfilms.cat\\\/?s={search_term_string}\"},\"query-input\":{\"@type\":\"PropertyValueSpecification\",\"valueRequired\":true,\"valueName\":\"search_term_string\"}}],\"inLanguage\":\"en-US\"}]}<\/script>\n<!-- \/ Yoast SEO plugin. -->","yoast_head_json":{"title":"Photocall - CheapFilms","robots":{"index":"index","follow":"follow","max-snippet":"max-snippet:-1","max-image-preview":"max-image-preview:large","max-video-preview":"max-video-preview:-1"},"canonical":"https:\/\/www.cheapfilms.cat\/en\/photocall\/","og_locale":"en_US","og_type":"article","og_title":"Photocall - CheapFilms","og_description":"[vc_row gap=&#8221;30&#8243;][vc_column width=&#8221;1\/3&#8243;][vc_single_image image=&#8221;262&#8243; img_size=&#8221;full&#8221;][\/vc_column][vc_column width=&#8221;2\/3&#8243;][vc_column_text] El glamur la de alfombra roja? [\/vc_column_text][vc_column_text]\u00bfRecreaciones de escenas famosas del cine? \u00bfEl videoclip m\u00e1s famoso de la historia? Ponemos a tu disposici\u00f3n m\u00e1s de 300 piezas de ropa para construir el Photocall que mejor se adapte a tus necesidades. Todo el potencial de Cheap Films concentrado en un photocall tem\u00e1tico y din\u00e1mico. Un [&hellip;]","og_url":"https:\/\/www.cheapfilms.cat\/en\/photocall\/","og_site_name":"Cheapfilms","article_modified_time":"2019-06-25T03:46:01+00:00","twitter_card":"summary_large_image","twitter_misc":{"Est. reading time":"1 minute"},"schema":{"@context":"https:\/\/schema.org","@graph":[{"@type":"WebPage","@id":"https:\/\/www.cheapfilms.cat\/en\/photocall\/","url":"https:\/\/www.cheapfilms.cat\/en\/photocall\/","name":"Photocall - CheapFilms","isPartOf":{"@id":"https:\/\/www.cheapfilms.cat\/#website"},"datePublished":"2018-08-13T18:19:09+00:00","dateModified":"2019-06-25T03:46:01+00:00","breadcrumb":{"@id":"https:\/\/www.cheapfilms.cat\/en\/photocall\/#breadcrumb"},"inLanguage":"en-US","potentialAction":[{"@type":"ReadAction","target":["https:\/\/www.cheapfilms.cat\/en\/photocall\/"]}]},{"@type":"BreadcrumbList","@id":"https:\/\/www.cheapfilms.cat\/en\/photocall\/#breadcrumb","itemListElement":[{"@type":"ListItem","position":1,"name":"Inici","item":"https:\/\/www.cheapfilms.cat\/en\/home\/"},{"@type":"ListItem","position":2,"name":"Photocall"}]},{"@type":"WebSite","@id":"https:\/\/www.cheapfilms.cat\/#website","url":"https:\/\/www.cheapfilms.cat\/","name":"Cheapfilms","description":"Tu ets el protagonista!","potentialAction":[{"@type":"SearchAction","target":{"@type":"EntryPoint","urlTemplate":"https:\/\/www.cheapfilms.cat\/?s={search_term_string}"},"query-input":{"@type":"PropertyValueSpecification","valueRequired":true,"valueName":"search_term_string"}}],"inLanguage":"en-US"}]}},"_links":{"self":[{"href":"https:\/\/www.cheapfilms.cat\/en\/wp-json\/wp\/v2\/pages\/1213","targetHints":{"allow":["GET"]}}],"collection":[{"href":"https:\/\/www.cheapfilms.cat\/en\/wp-json\/wp\/v2\/pages"}],"about":[{"href":"https:\/\/www.cheapfilms.cat\/en\/wp-json\/wp\/v2\/types\/page"}],"author":[{"embeddable":true,"href":"https:\/\/www.cheapfilms.cat\/en\/wp-json\/wp\/v2\/users\/1"}],"replies":[{"embeddable":true,"href":"https:\/\/www.cheapfilms.cat\/en\/wp-json\/wp\/v2\/comments?post=1213"}],"version-history":[{"count":1,"href":"https:\/\/www.cheapfilms.cat\/en\/wp-json\/wp\/v2\/pages\/1213\/revisions"}],"predecessor-version":[{"id":1247,"href":"https:\/\/www.cheapfilms.cat\/en\/wp-json\/wp\/v2\/pages\/1213\/revisions\/1247"}],"wp:attachment":[{"href":"https:\/\/www.cheapfilms.cat\/en\/wp-json\/wp\/v2\/media?parent=1213"}],"curies":[{"name":"wp","href":"https:\/\/api.w.org\/{rel}","templated":true}]}}